{"id":3861,"date":"2020-12-11T21:12:43","date_gmt":"2020-12-11T21:12:43","guid":{"rendered":"https:\/\/melform.hu\/?page_id=3861"},"modified":"2020-12-11T21:12:43","modified_gmt":"2020-12-11T21:12:43","slug":"cookiek-sutik-hasznalati-szabalyzata-angol-nyelven","status":"publish","type":"page","link":"https:\/\/melform.hu\/hu\/cookiek-sutik-hasznalati-szabalyzata-angol-nyelven\/","title":{"rendered":"Cookiek (s\u00fctik) haszn\u00e1lati szab\u00e1lyzata \u2013 angol nyelven"},"content":{"rendered":"<div class=\"wpb-content-wrapper\"><p>[vc_row full_width=&#8221;stretch_row_content&#8221; full_height=&#8221;yes&#8221; columns_placement=&#8221;top&#8221; disable_element=&#8221;yes&#8221; css=&#8221;.vc_custom_1561967023842{margin-bottom: 60px !important;padding-top: 0px !important;padding-bottom: 15% !important;background-image: url(https:\/\/melform.hu\/wp-content\/uploads\/2019\/06\/anmeldung-nl_1700x400-w.jpg?id=2390) !important;background-position: center !important;background-repeat: no-repeat !important;background-size: cover !important;}&#8221;][vc_column][vc_custom_heading text=&#8221;<strong>Modalitati de livrare<\/strong>&#8221; font_container=&#8221;tag:h1|font_size:68|text_align:center|color:%23ffffff|line_height:1&#8243; use_theme_fonts=&#8221;yes&#8221;][vc_column_text basel_color_scheme=&#8221;light&#8221;]<\/p>\n<p style=\"font-size: 18px; margin-bottom: 25px; color: rgba(255,255,255,0.9); text-align: center;\">Adipiscing rhoncus at ultrices ullamcorper aenean imperdiet consectetur adipiscing<br \/>\nvestibulum per ullamcorper aenean imperdiet tincidunt parturient.<\/p>\n<p style=\"text-align: center;\"><a class=\"btn btn-color-white btn-size-large btn-style-bordered\" style=\"margin-right: 10px;\" href=\"https:\/\/melform.hu\/products\/?lang=en\">Produse<\/a><a class=\"btn btn-size-large btn-color-primary\" href=\"https:\/\/melform.hu\/contact\/?lang=en\">Contact<\/a><\/p>\n<p>[\/vc_column_text][\/vc_column][\/vc_row][vc_row][vc_column][vc_column_text]<\/p>\n<article id=\"post-2997\" class=\"post-2997 page type-page status-publish hentry\">\n<div class=\"entry-content\">\n<div class=\"vc_row wpb_row vc_row-fluid\">\n<div class=\"wpb_column vc_column_container vc_col-sm-12\">\n<div class=\"vc_column-inner\">\n<div class=\"wpb_wrapper\">\n<div class=\"wpb_text_column wpb_content_element\">\n<div class=\"wpb_wrapper\">\n<h4><strong>Ce sunt fi\u0219ierele \u201ecookies\u201d?<\/strong><\/h4>\n<p>Cookie -ul reprezint\u0103 un fi\u0219ier text de mici dimensiuni, trimis de un server unui navigator web (browser) \u0219i apoi trimis \u00eenapoi (nemodificat) de c\u0103tre navigator, de fiecare dat\u0103 c\u00e2nd acceseaz\u0103 acel server.<br \/>\nUn cookie este format din 2 p\u0103r\u021bi: nume \u0219i con\u021binut (valoare). Durata de existen\u021b\u0103 a unui cookie este determinat\u0103. Din punct de vedere tehnic, doar serverul web care a trimis cookie-ul \u00eel poate accesa din nou, \u00een momentul \u00een care un utilizator reviziteaz\u0103 website-ul respectiv. Cookie-urile nu solicit\u0103 informa\u021bii cu caracter personal, pentru a putea fi utilizate \u0219i, \u00een cele mai multe cazuri, nu identific\u0103 personal utilizatorii de internet.<\/p>\n<h4>Pentru ce folosim fi\u0219ierele \u201ecookies\u201d?<\/h4>\n<p>Prin cookie-uri urm\u0103rim comportamentul vizitorului pe site-ul nostru. Cookie-urile ne ajut\u0103 s\u0103 imbun\u0103\u021bim experien\u021ba vizitatorului atunci c\u00e2nd acesta acceseaz\u0103 site-ul nostru. Accept\u00e2nd Cookie-uri, Clientul nu trebuie s\u0103 introduc\u0103 de fiecare dat\u0103 datele atunci c\u00e2nd se logheaz\u0103 \u00een contul s\u0103u, iar \u00een acest fel de exemplu produsul ad\u0103ugat r\u0103m\u00e2ne \u00een co\u0219 p\u00e2n\u0103 la vizita urm\u0103toare a Clientului.<br \/>\nDac\u0103 un client alege s\u0103 nu accepte cookie-urile noastre, este posibil s\u0103 aib\u0103 o experien\u021b\u0103 mai pu\u021bin pl\u0103cut\u0103 pe site dec\u00e2t atunci c\u00e2nd le accept\u0103. Dac\u0103 un vizitator alege s\u0103 accepte cookie-urile, accept\u0103 c\u0103 site-ul (serverul nostru) s\u0103 transmit\u0103 c\u0103tre hard disk-ul s\u0103u mici fragmente de informa\u021bii. Aceste informa\u021bii vor fi folosite \u00een scopurile afi\u0219\u0103rii unui site adaptat preferin\u021belor clientului. Fi\u0219ierele cookie nu pot fi utilizate pentru transmiterea viru\u0219ilor sau pentru a rula programe \u0219i nu pot accesa informa\u021biile de pe hard disk-ul clientului.<\/p>\n<h4>Ce fel de \u201dcookie-uri\u201d folosim noi?<\/h4>\n<h5><strong>session<\/strong><\/h5>\n<p>Sunt stocate temporar p\u00e2n\u0103 c\u00e2nd utilizatorul p\u0103r\u0103se\u0219te website-ul sau \u00eenchide fereastra browserului sau p\u00e2n\u0103 c\u00e2nd sunt \u0219terse de c\u0103tre serverul web.<br \/>\nFolosim aceast\u0103 categorie de cookie, pentru a salva \u0219i afi\u0219a utilizatorului datele completate de el, \u00een cadrul formularelor din site, \u00een cazul \u00een care au survenit erori la transmiterea acestora. \u00cen momentul \u00een care formularul s-a transmis cu succes, aceste cookie-uri de sesiune sunt \u0219terse automat.<\/p>\n<h5><strong>permanent<\/strong><\/h5>\n<p>Sunt stocate pe hard disk-ul utilizatorului, pentru o durat\u0103 de existen\u021b\u0103 prestabilit\u0103. Acestea includ \u0219i modulele cookie plasate de un alt website dec\u00e2t al nostru, cunoscute sub numele de \u201ethird party cookies\u201d (cookie-uri plasate de ter\u021bi).<br \/>\nFolosim cookie-uri persistente pentru a salva preferin\u021bele de navigare ale vizitatorului pe acest website. Acestea au o durat\u0103 de existen\u021b\u0103 de 30 de zile.<\/p>\n<h4>Cum sunt folosite cookie-urile de c\u0103tre acest site?<\/h4>\n<h5>Cookie-uri strict necesare pentru func\u021bionarea site-ului<\/h5>\n<p>Acestea sunt cookie-urile strict necesare pentru func\u021bionarea corect\u0103 a site-ului nostru.<\/p>\n<h5>Cookie-uri de analiz\u0103<\/h5>\n<p>Acestea ne spun dac\u0103 a\u021bi mai vizitat acest site p\u00e2n\u0103 acum. Browserul ne va spune dac\u0103 \u00eel ave\u021bi acest cookie, iar dac\u0103 nu, vom genera unul.<\/p>\n<h5>Cookie-uri pentru publicitate<\/h5>\n<p>Pe baza acestora putem afla dac\u0103 a\u021bi vizualizat sau nu o reclam\u0103 online, ce tip de reclam\u0103 \u0219i c\u00e2t timp a trecut de c\u00e2nd a\u021bi vizualizat aceast\u0103 reclam\u0103.<\/p>\n<h4>Care sunt avantajele cookie-urilor?<\/h4>\n<p>Un cookie con\u021bine informa\u021bii care fac leg\u0103tura \u00eentre un browser web (utilizatorul) \u0219i un web-server anume (website-ul). Dac\u0103 un browser acceseaz\u0103 acel web-server din nou, acesta poate citi informa\u021bia deja stocat\u0103 \u0219i reac\u021biona \u00een consecin\u021b\u0103. Cookie-urile asigur\u0103 utilizatorilor o experien\u021b\u0103 pl\u0103cut\u0103 de navigare \u0219i sus\u021bin eforturile multor websiteuri pentru a oferi servicii confortabile utilizatorilor: ex \u2013 op\u021biunile privind limba site-ului, co\u0219urile de cump\u0103r\u0103turi, preferin\u021bele \u00een materie de confiden\u021bialitate online sau publicitate relevant\u0103.<\/p>\n<h4>Care este durata de via\u021b\u0103 a unui cookie?<\/h4>\n<p>Durata de via\u021b\u0103 a unui cookie poate varia semnificativ, depinz\u00e2nd de scopul pentru care este plasat. Unele cookie-uri sunt folosite exclusiv pentru o singur\u0103 sesiune (session cookies) \u0219i nu mai sunt re\u021binute odat\u0103 ce utilizatorul a p\u0103r\u0103sit website-ul \u0219i unele cookie-uri sunt re\u021binute \u0219i refolosite de fiecare dat\u0103 c\u00e2nd utilizatorul revine pe acel website (permanent cookies). Cu toate aceste, cookie-urile pot fi \u0219terse de un utilizator \u00een orice moment prin intermediul set\u0103rilor browserului.<\/p>\n<h4>Cookie-urile con\u021bin date personale?<\/h4>\n<p>Cookie-urile \u00een sine nu solicit\u0103 informa\u021bii cu caracter personal pentru a putea fi utilizate \u0219i, \u00een multe cazuri, nici nu identific\u0103 personal utilizatorii de internet. Datele personale pot fi colectate prin utilizarea cookie-urilor doar pentru a facilita anumite func\u021bionalit\u0103\u021bi pentru utilizator.<\/p>\n<p>rnet. Datele personale pot fi colectate prin utilizarea cookie-urilor doar pentru a facilita anumite func\u021bionalit\u0103\u021bi pentru utilizator.<\/p>\n<h4>Ce \u00eenseamn\u0103 profilarea?<\/h4>\n<p>Cu ajutorul tehnologiei cookie folosit\u0103 pe site-ul nostru, este posibil s\u0103 se afle preferin\u021bele utilizatorilor \u2013 de exemplu, analiz\u00e2nd c\u00e2t de des viziteaz\u0103 site-ul nostru sau la ce produse se uit\u0103 cel mai frecvent. Analiza comportamentului online ne ajut\u0103 s\u0103 \u00een\u021belegem mai bine obiceiurile \u0219i a\u0219tept\u0103rile utilizatorilor \u0219i s\u0103 ne adapt\u0103m nevoilor \u0219i intereselor lor. Datorit\u0103 acestei tehnologii, nu numai c\u0103 putem prezenta utilizatorului o reclam\u0103 adaptat\u0103 acestuia, iar din ofertele disponibile s\u0103 prezent\u0103m \u00een primul r\u00e2nd cele care se potrivesc cel mai bine nevoilor utilizatorului, dar putem, de asemenea, s\u0103 cre\u0103m \u0219i s\u0103 prezent\u0103m oferte pentru utilizatorul respectiv sau reduceri care nu sunt disponibile altor persoane.<\/p>\n<p>Renun\u021barea utilizatorului la cookie-uri care permit afi\u0219area unor anun\u021buri potrivite intereselor sale, nu \u00eenseamn\u0103 c\u0103 acesta nu va mai primi nicio reclam\u0103 atunci c\u00e2nd utilizeaz\u0103 site-urile noastre sau alte site-uri web \u2013 \u00een acest caz, utilizatorul va primi \u00een continuare acela\u0219i num\u0103r de anun\u021buri, dar care nu vor avea leg\u0103tur\u0103 cu activitatea sa de p\u00e2n\u0103 acum.<\/p>\n<h4>Ce \u00eenseamn\u0103 retargeting?<\/h4>\n<p>Baz\u00e2ndu-ne pe cookie-uri, folosim tehnologia care ne permite s\u0103 ajungem cu un mesaj publicitar la utilizatorii care au vizitat anterior site-ul nostru, pe alte site-uri vizitate.<\/p>\n<p>Lipsa leg\u0103turii dintre anun\u021bul afi\u0219at utilizatorului \u0219i interesele \u0219i nevoile acestuia, poate fi deranjant pentru el. Consider\u0103m c\u0103 este mai atractiv \u0219i mai practic ca utilizatorul s\u0103 primeasc\u0103 mesajul care s\u0103 corespund\u0103 intereselor \u0219i nevoilor sale identificate ca rezultat al analizei comportamentului s\u0103u anterior, bazat pe tehnologia cookie-urilor. Prin urmare, suntem interesa\u021bi ca materialele publicitare s\u0103-l urm\u0103reasc\u0103 pe utilizatorul care navigheaz\u0103 pe site-urile web diferite pentru a-i furniza reclamele adaptate activit\u0103\u021bii sale anterioare pe internet.<\/p>\n<h4>Ce \u00een\u021belegem despre cookie-urile plasate de ter\u021bi?<\/h4>\n<p>Aceste cookie-uri pot proveni de la urm\u0103torii ter\u021bi: Google \u0219i Facebook.<br \/>\nPrin acceptul utilizatorului, cookie-urile vor fi utilizate pentru urm\u0103toarele scopuri:<\/p>\n<h5>Cookie-uri plasate de serviciile Google:<\/h5>\n<p><strong>Google Conversion Tracking<\/strong> este un serviciu de analiz\u0103 al Google, destinat m\u0103sur\u0103rii eficien\u021bei campaniilor noastre de publicitate online efectuate prin Google AdWords. \u00cen acest context, Google seteaz\u0103 un modul cookie pe calculatorul\/echipamentul mobil al vizitatorului, atunci c\u00e2nd acesta acceseaz\u0103 un anun\u021b Google \u0219i ajunge \u00een website-ul nostru. Aceste module cookie nu sunt coroborate cu identificarea personal\u0103. Cu ajutorul Google Conversion Tracking, putem identifica faptul c\u0103 cineva a f\u0103cut clic pe anun\u021bul nostru publicitar \u0219i a fost astfel redirec\u021bionat c\u0103tre pagina noastr\u0103. Datele colectate cu Google Conversion Tracking servesc exclusiv la \u00eentocmirea de statistici privind eficien\u021ba \u0219i \u00eembun\u0103t\u0103\u021birea campaniilor noastre de publicitate online prin Google AdWords. Nu colect\u0103m \u0219i nu proces\u0103m nicio informa\u021bie pe baza c\u0103reia utilizatorul ar putea fi identificat.<br \/>\n<strong>Google Remarketing<\/strong>. Prin aceste tehnologii, utilizatorii care au vizitat deja paginile noastre web pot fi aborda\u021bi din nou prin publicitate orientat\u0103 pe celelalte pagini ale re\u021belei de parteneri ai Google.<\/p>\n<h5>Cookie-uri plasate de serviciile Facebook:<\/h5>\n<p>Prin intermediul <strong>Facebook Conversion Pixels<\/strong> putem identifica faptul c\u0103, un utilizator a accesat website-ul nostru prin intermediul unui anun\u021b publicitar de pe Facebook. Datele colectate cu Facebook Conversion Pixel servesc exclusiv la eficien\u021ba \u0219i \u00eembun\u0103t\u0103\u021birea campaniilor noastre de publicitate online pe Facebook. Nu colect\u0103m \u0219i nu proces\u0103m nicio informa\u021bie, pe baza c\u0103reia utilizatorul ar putea fi identificat.<br \/>\nPrin tehnologia <strong>Facebook Remarketing<\/strong>, utilizatorii care au vizitat paginile noastre web pot fi aborda\u021bi din nou prin publicitate orientat\u0103 pe Facebook. Nu colect\u0103m \u0219i nu proces\u0103m nicio informa\u021bie despre utilizatorii Facebook c\u0103rora li se adreseaz\u0103 publicitatea orientat\u0103 \u0219i nu avem posibilitatea de a identifica utilizatori individuali.<\/p>\n<h4>Care este baza legal\u0103 pentru folosirea fi\u0219ierelor \u201dcookies\u201d?<\/h4>\n<p>Ob\u021binerea \u0219i stocarea informa\u021biilor folosind cookie-urile este posibil\u0103 pe baza consim\u021b\u0103m\u00e2ntului Vizitatorului.<\/p>\n<h4>Cum scap de cookies sau cum le pot administra? \/ Dezactivarea cookie-urilor<\/h4>\n<p>Dezactivarea \u0219i refuzul de a primi cookie-uri pot face anumite site-uri impracticabile sau dificil de vizitat \u0219i folosit. De asemenea, refuzul de a accepta cookie-uri nu \u00eenseamn\u0103 ca nu ve\u021bi mai primi\/vedea publicitate online.<br \/>\nToate browserele moderne ofer\u0103 posibilitatea de a schimba set\u0103rile cookie-urilor. Aceste set\u0103ri se g\u0103sesc de regula \u00een \u201eop\u021biuni\u201d sau \u00een meniul de \u201epreferin\u021be\u201d al browserului:<br \/>\n<a href=\"https:\/\/support.google.com\/accounts\/answer\/61416?hl=ro\" target=\"_blank\" rel=\"noopener noreferrer\">Google Chrome<\/a><br \/>\n<a href=\"http:\/\/support.mozilla.org\/en-US\/kb\/cookies-information-websites-store-on-your-computer?redirectlocale=en-US&amp;redirectslug=Cookies\">Firefox<\/a><br \/>\n<a href=\"https:\/\/support.microsoft.com\/ro-ro\/help\/17442\/windows-internet-explorer-delete-manage-cookies#ie=ie-11\" target=\"_blank\" rel=\"noopener noreferrer\">Microsoft Internet Explorer 11<\/a><br \/>\n<a href=\"https:\/\/privacy.microsoft.com\/ro-ro\/windows-10-microsoft-edge-and-privacy\" target=\"_blank\" rel=\"noopener noreferrer\">Microsoft Edge<\/a><br \/>\n<a href=\"https:\/\/support.apple.com\/kb\/ph21411\" target=\"_blank\" rel=\"noopener noreferrer\">Safari<\/a><\/p>\n<h4>Linkuri utile<\/h4>\n<h6>Google Analytics<\/h6>\n<p>Politici: <a href=\"https:\/\/www.google.com\/analytics\/terms\/gb.html\" target=\"_blank\" rel=\"noopener noreferrer\">https:\/\/www.google.com\/analytics\/terms\/gb.html<\/a>, <a href=\"https:\/\/support.google.com\/analytics\/answer\/6004245\" target=\"_blank\" rel=\"noopener noreferrer\">https:\/\/support.google.com\/analytics\/answer\/6004245<\/a><\/p>\n<h5>Google AdWords<\/h5>\n<p>Politici: <a href=\"https:\/\/policies.google.com\/privacy\" target=\"_blank\" rel=\"noopener noreferrer\">https:\/\/policies.google.com\/privacy<\/a>, <a href=\"https:\/\/policies.google.com\/technologies\/ads\" target=\"_blank\" rel=\"noopener noreferrer\">https:\/\/policies.google.com\/technologies\/ads<\/a><\/p>\n<h5>Google Doubleclick<\/h5>\n<p>Politici: <a href=\"https:\/\/policies.google.com\/technologies\/ads\" target=\"_blank\" rel=\"noopener noreferrer\">https:\/\/policies.google.com\/technologies\/ads<\/a><\/p>\n<h5>Facebook<\/h5>\n<p>Politici: <a href=\"https:\/\/www.facebook.com\/privacy\/explanation\" target=\"_blank\" rel=\"noopener noreferrer\">https:\/\/www.facebook.com\/privacy\/explanation<\/a><\/p>\n<p>Dac\u0103 dori\u021bi s\u0103 afla\u021bi mai multe informa\u021bii despre cookie-uri \u0219i la ce sunt utilizate, recomandam urm\u0103toarele linkuri: All About Cookies (<a href=\"https:\/\/www.allaboutcookies.org\/\" target=\"_blank\" rel=\"noopener noreferrer\"><strong>https:\/\/www.allaboutcookies.org\/<\/strong><\/a>)<\/p>\n<p>IAB Romania pune la dispozi\u021bie urm\u0103torul site pentru a oferi mai multe informa\u021bii privind confiden\u021bialitatea legat\u0103 de publicitatea online: <a href=\"http:\/\/www.youronlinechoices.com\/ro\/\" target=\"_blank\" rel=\"noopener noreferrer\">http:\/\/www.youronlinechoices.com\/ro\/<\/a><\/p>\n<h4>Lista detaliat\u0103 a cookie-urilor<\/h4>\n<p>Tabelul de mai jos descrie fiecare cookie utilizat pe <a href=\"https:\/\/melform.hu\/\" target=\"_blank\" rel=\"noopener noreferrer\">https:\/\/melform.hu\/<\/a>.<\/p>\n<\/div>\n<\/div>\n<\/div>\n<\/div>\n<\/div>\n<\/div>\n<\/div>\n<\/article>\n<p>[\/vc_column_text][\/vc_column][\/vc_row]<\/p>\n<\/div>","protected":false},"excerpt":{"rendered":"<p>[vc_row full_width=&#8221;stretch_row_content&#8221; full_height=&#8221;yes&#8221; columns_placement=&#8221;top&#8221; disable_element=&#8221;yes&#8221; css=&#8221;.vc_custom_1561967023842{margin-bottom: 60px !important;padding-top: 0px !important;padding-bottom: 15% !important;background-image: url(https:\/\/melform.hu\/wp-content\/uploads\/2019\/06\/anmeldung-nl_1700x400-w.jpg?id=2390) !important;background-position: center !important;background-repeat: no-repeat !important;background-size: cover !important;}&#8221;][vc_column][vc_custom_heading<\/p>\n","protected":false},"author":1,"featured_media":0,"parent":0,"menu_order":0,"comment_status":"closed","ping_status":"closed","template":"","meta":{"footnotes":""},"class_list":["post-3861","page","type-page","status-publish","hentry"],"_links":{"self":[{"href":"https:\/\/melform.hu\/hu\/wp-json\/wp\/v2\/pages\/3861","targetHints":{"allow":["GET"]}}],"collection":[{"href":"https:\/\/melform.hu\/hu\/wp-json\/wp\/v2\/pages"}],"about":[{"href":"https:\/\/melform.hu\/hu\/wp-json\/wp\/v2\/types\/page"}],"author":[{"embeddable":true,"href":"https:\/\/melform.hu\/hu\/wp-json\/wp\/v2\/users\/1"}],"replies":[{"embeddable":true,"href":"https:\/\/melform.hu\/hu\/wp-json\/wp\/v2\/comments?post=3861"}],"version-history":[{"count":0,"href":"https:\/\/melform.hu\/hu\/wp-json\/wp\/v2\/pages\/3861\/revisions"}],"wp:attachment":[{"href":"https:\/\/melform.hu\/hu\/wp-json\/wp\/v2\/media?parent=3861"}],"curies":[{"name":"wp","href":"https:\/\/api.w.org\/{rel}","templated":true}]}}