{"id":3764,"date":"2020-07-25T15:24:50","date_gmt":"2020-12-11T06:49:15","guid":{"rendered":"https:\/\/melform.hu\/?post_type=product&#038;p=3764"},"modified":"2022-04-15T08:50:41","modified_gmt":"2022-04-15T08:50:41","slug":"koala-32-as-af","status":"publish","type":"product","link":"https:\/\/melform.hu\/hu\/termek\/koala-32-as-af\/","title":{"rendered":"Koala 32 AS\/AF"},"content":{"rendered":"<div class=\"wpb-content-wrapper\"><p>[vc_row][vc_column][vc_column_text]A h\u0171t\u00f6tt \u00e9s fagyasztott term\u00e9kek ellen\u0151rz\u00f6tt h\u0151m\u00e9rs\u00e9kleten t\u00f6rt\u00e9n\u0151 sz\u00e1ll\u00edt\u00e1s\u00e1ra alkalmas fagyaszt\u00f3l\u00e1da.<\/p>\n<ul>\n<li>V\u00e1ltozatok:<\/li>\n<\/ul>\n<p>o AF: h\u0151m\u00e9rs\u00e9klet be\u00e1ll\u00edt\u00e1si tartom\u00e1ny: -30\u00b0C&#8230; +10\u00b0C;<\/p>\n<p>o AFH: f\u0171t\u00e9ssel \u2013 \u00a0h\u0151m\u00e9rs\u00e9klet be\u00e1ll\u00edt\u00e1si tartom\u00e1ny: -30\u00b0C&#8230; +40\u00b0.<\/p>\n<p>o AS: h\u0151m\u00e9rs\u00e9klet be\u00e1ll\u00edt\u00e1si tartom\u00e1ny: -25\u00b0C&#8230; +10\u00b0C;<\/p>\n<p>o ASH: f\u0171t\u00e9ssel \u2013 h\u0151m\u00e9rs\u00e9klet be\u00e1ll\u00edt\u00e1si tartom\u00e1ny: -25\u00b0C &#8230;+40\u00b0.<\/p>\n<ul>\n<li>A l\u00e1da falaiban tal\u00e1lhat\u00f3 szigetel\u00e9s (k\u00fcl\u00f6nlegesen vastag enn\u00e9l a modelln\u00e9l) biztos\u00edtja, hogy a h\u0171t\u0151egys\u00e9g minim\u00e1lis sz\u00e1m\u00fa beind\u00edt\u00e1sa mellett garant\u00e1lt legyen a h\u0151m\u00e9rs\u00e9klet fenntart\u00e1sa; ez hozz\u00e1j\u00e1rul az energiafogyaszt\u00e1s korl\u00e1toz\u00e1s\u00e1hoz.<\/li>\n<li>M\u00e9retei \u00e9s a s\u00falytartalomnak k\u00f6sz\u00f6nhet\u0151en j\u00e1rm\u0171vel k\u00f6nnyen sz\u00e1ll\u00edthat\u00f3 \u00e9s k\u00f6nny\u0171szerrel mozgathat\u00f3.<\/li>\n<li>A h\u0171t\u0151egys\u00e9g akkor aktiv\u00e1l\u00f3dik, ha a k\u00fcls\u0151 h\u0151m\u00e9rs\u00e9klet magasabb, mint a programozhat\u00f3 digit\u00e1lis termoszt\u00e1ttal be\u00e1ll\u00edtott h\u0151m\u00e9rs\u00e9klet. Ez lehet\u0151v\u00e9 teszi az \u00e1lland\u00f3 h\u0151m\u00e9rs\u00e9klet fenntart\u00e1s\u00e1t m\u00e9g nagyon magas k\u00fcls\u0151 h\u0151m\u00e9rs\u00e9klet eset\u00e9n is.<\/li>\n<li>Az ASH verzi\u00f3kban a f\u0171t\u0151egys\u00e9g akkor aktiv\u00e1l\u00f3dik, amikor a k\u00fcls\u0151 h\u0151m\u00e9rs\u00e9klet alacsonyabb, mint a programozhat\u00f3 digit\u00e1lis termoszt\u00e1ttal be\u00e1ll\u00edtott h\u0151m\u00e9rs\u00e9klet. Ez lehet\u0151v\u00e9 teszi az \u00e1lland\u00f3 h\u0151m\u00e9rs\u00e9klet fenntart\u00e1s\u00e1t nagyon alacsony k\u00fcls\u0151 h\u0151m\u00e9rs\u00e9kletek eset\u00e9n<\/li>\n<li>A hideg l\u00e1nc teljes m\u00e9rt\u00e9k\u0171 betart\u00e1sa a sz\u00e1ll\u00edt\u00e1s minden szakasz\u00e1ban.<\/li>\n<li>Szok\u00e1sos, nem m\u00f3dos\u00edtott j\u00e1rm\u0171vekkel is sz\u00e1ll\u00edthat\u00f3: lehet\u0151v\u00e9 teszi h\u0171t\u00f6tt, fagyasztott \u00e9s k\u00f6rnyezeti h\u0151m\u00e9rs\u00e9klet\u0171 term\u00e9kek egyidej\u0171 sz\u00e1ll\u00edt\u00e1s\u00e1t egyetlen, nem szigetelt j\u00e1rm\u0171vel.<\/li>\n<li>Kis fogyaszt\u00e1s\u00fa h\u0171t\u0151egys\u00e9ggel van felszerelve.<\/li>\n<li>Kett\u0151s \u00e1ramforr\u00e1s: sz\u00e1ll\u00edt\u00e1s k\u00f6zben csatlakoztathat\u00f3 a j\u00e1rm\u0171 akkumul\u00e1tor\u00e1hoz (vagy kieg\u00e9sz\u00edt\u0151 elem\u00e9hez), \u00e9s rendeltet\u00e9si hely\u00e9n csatlakoztathat\u00f3 a h\u00e1l\u00f3zathoz.<\/li>\n<li>Forg\u00f3 fr\u00f6ccsent\u00e9si technol\u00f3gi\u00e1val gy\u00e1rtva: egyblokkos tart\u00e1ly \u00e9s ajt\u00f3 (\u00e9les sz\u00e9lekt\u0151l, illeszt\u00e9sekt\u0151l \u00e9s hegeszt\u00e9sekt\u0151l mentes).<\/li>\n<li>Az \u00e9lettartam v\u00e9g\u00e9n teljesen \u00fajrahasznos\u00edthat\u00f3.<\/li>\n<\/ul>\n<p>[\/vc_column_text][vc_row_inner][vc_column_inner][vc_column_text]A megadott \u00e1r 1 darab, K32 k\u00f3ddal rendelkez\u0151 term\u00e9k rendel\u00e9s\u00e9n\u00e9l \u00e9rv\u00e9nyes. K\u00e9rj\u00fck, amennyiben m\u00e1sik k\u00f3ddal rendelkez\u0151 term\u00e9ket szeretne megrendelni vagy nagyobb mennyis\u00e9g \u00e9rdekli, vegye fel vel\u00fcnk a kapcsolatot.[\/vc_column_text][\/vc_column_inner][\/vc_row_inner][\/vc_column][\/vc_row][vc_row css=&#8221;.vc_custom_1595604866025{padding-top: 30px !important;}&#8221;][vc_column][vc_tta_tabs style=&#8221;modern&#8221; shape=&#8221;square&#8221; active_section=&#8221;1&#8243;][vc_tta_section title=&#8221;32 AS&#8221; tab_id=&#8221;32AS-id1&#8243;][vc_row_inner][vc_column_inner width=&#8221;1\/2&#8243;][vc_column_text]<\/p>\n<table width=\"442\">\n<tbody>\n<tr>\n<td style=\"text-align: left;\"><strong>32 AS\u00a0 V\u00e1ltozatok<br \/>\n<\/strong><\/td>\n<td><\/td>\n<\/tr>\n<tr>\n<td style=\"text-align: left;\">Fels\u0151 nyit\u00e1s 0\u00b0C +10\u00b0C<\/td>\n<td style=\"text-align: left;\">Term\u00e9kk\u00f3d: K32ASISDYM0<\/td>\n<\/tr>\n<tr>\n<td style=\"text-align: left;\">Fels\u0151 nyit\u00e1s -18\u00b0C +10\u00b0C<\/td>\n<td style=\"text-align: left;\">Term\u00e9kk\u00f3d: K32ASISCYM0<\/td>\n<\/tr>\n<tr>\n<td style=\"text-align: left;\">Fels\u0151 nyit\u00e1s -25\u00b0C +10\u00b0C<\/td>\n<td style=\"text-align: left;\">Term\u00e9kk\u00f3d: K32ASISBYM0<\/td>\n<\/tr>\n<tr>\n<td style=\"text-align: left;\">Fels\u0151 nyit\u00e1s f\u0171t\u00e9ssel 0\u00b0C +40\u00b0C<\/td>\n<td style=\"text-align: left;\">Term\u00e9kk\u00f3d: K32ASISDZM0<\/td>\n<\/tr>\n<tr>\n<td style=\"text-align: left;\">Fels\u0151 nyit\u00e1s f\u0171t\u00e9ssel -18\u00b0C +40\u00b0C<\/td>\n<td style=\"text-align: left;\">Term\u00e9kk\u00f3d: K32ASISCZM0<\/td>\n<\/tr>\n<tr>\n<td style=\"text-align: left;\">Fels\u0151 nyit\u00e1s f\u0171t\u00e9ssel -25\u00b0C +40\u00b0C<\/td>\n<td style=\"text-align: left;\">Term\u00e9kk\u00f3d: K32ASISBZM0<\/td>\n<\/tr>\n<\/tbody>\n<\/table>\n<p>[\/vc_column_text][vc_empty_space height=&#8221;10&#8243;][\/vc_column_inner][vc_column_inner width=&#8221;1\/2&#8243;][vc_column_text]<\/p>\n<table width=\"442\">\n<tbody>\n<tr>\n<td><strong>32 AS I<span class=\"VIiyi\" lang=\"hu\"><span class=\"JLqJ4b ChMk0b\" data-language-for-alternatives=\"hu\" data-language-to-translate-into=\"ro\" data-phrase-index=\"0\">nform\u00e1ci\u00f3k<\/span><\/span><br \/>\n<\/strong><\/td>\n<td><\/td>\n<\/tr>\n<tr>\n<td style=\"text-align: left;\">K\u00fcls\u0151 m\u00e9retek (mm):<\/td>\n<td style=\"text-align: left;\">360x620x430h<\/td>\n<\/tr>\n<tr>\n<td style=\"text-align: left;\">Bels\u0151 m\u00e9retek (mm):<\/td>\n<td style=\"text-align: left;\">230x340x350h<\/td>\n<\/tr>\n<tr>\n<td style=\"text-align: left;\">\u0170rtartalom:<\/td>\n<td style=\"text-align: left;\">27 l<\/td>\n<\/tr>\n<tr>\n<td style=\"text-align: left;\">S\u00faly:<\/td>\n<td style=\"text-align: left;\">21 kg<\/td>\n<\/tr>\n<\/tbody>\n<\/table>\n<p>[\/vc_column_text][vc_empty_space height=&#8221;10&#8243;][\/vc_column_inner][\/vc_row_inner]<div class=\"basel-button-wrapper text-center btn-inline\"><a href=\"https:\/\/melform.hu\/wp-content\/uploads\/2021\/04\/Koala32_top_opening_portable_refrigerator_Rev1_GB.pdf\" title=\"Adatlap\" target=\"_blank\" class=\"btn btn-color-primary btn-style-bordered btn-size-large\">Adatlap 32AS<\/a><\/div>[\/vc_tta_section][vc_tta_section title=&#8221;32 AF&#8221; tab_id=&#8221;32AF-id2&#8243;][vc_row_inner][vc_column_inner width=&#8221;1\/2&#8243;][vc_column_text]<\/p>\n<table width=\"442\">\n<tbody>\n<tr>\n<td style=\"text-align: left;\"><strong>32 AF\u00a0 V\u00e1ltozatok<br \/>\n<\/strong><\/td>\n<td><\/td>\n<\/tr>\n<tr>\n<td style=\"text-align: left;\">El\u00fcls\u0151 nyit\u00e1s 0\u00b0C +10\u00b0C<\/td>\n<td style=\"text-align: left;\">Term\u00e9kk\u00f3d: K32AFISDYM0<\/td>\n<\/tr>\n<tr>\n<td style=\"text-align: left;\">El\u00fcls\u0151 nyit\u00e1s -18\u00b0C +10\u00b0C<\/td>\n<td style=\"text-align: left;\">Term\u00e9kk\u00f3d: K32AFISCYM0<\/td>\n<\/tr>\n<tr>\n<td style=\"text-align: left;\">El\u00fcls\u0151 nyit\u00e1s -25\u00b0C +10\u00b0C<\/td>\n<td style=\"text-align: left;\">Term\u00e9kk\u00f3d: K32AFISBYM0<\/td>\n<\/tr>\n<tr>\n<td style=\"text-align: left;\">El\u00fcls\u0151 nyit\u00e1s -30\u00b0C +10\u00b0C<\/td>\n<td style=\"text-align: left;\">Term\u00e9kk\u00f3d: K32AFISAYM0<\/td>\n<\/tr>\n<tr>\n<td style=\"text-align: left;\">El\u00fcls\u0151 nyit\u00e1s f\u0171t\u00e9ssel 0\u00b0C +40\u00b0C<\/td>\n<td style=\"text-align: left;\">Term\u00e9kk\u00f3d: K32AFISDZM0<\/td>\n<\/tr>\n<tr>\n<td style=\"text-align: left;\">El\u00fcls\u0151 nyit\u00e1s f\u0171t\u00e9ssel -18\u00b0C +40\u00b0C<\/td>\n<td style=\"text-align: left;\">Term\u00e9kk\u00f3d: K32AFISCZM0<\/td>\n<\/tr>\n<tr>\n<td style=\"text-align: left;\">El\u00fcls\u0151 nyit\u00e1s f\u0171t\u00e9ssel -25\u00b0C +40\u00b0C<\/td>\n<td style=\"text-align: left;\">Term\u00e9kk\u00f3d: K32AFISBZM0<\/td>\n<\/tr>\n<tr>\n<td style=\"text-align: left;\">El\u00fcls\u0151 nyit\u00e1s f\u0171t\u00e9ssel -30\u00b0C +40\u00b0C<\/td>\n<td style=\"text-align: left;\">Term\u00e9kk\u00f3d: K32AFISAZM0<\/td>\n<\/tr>\n<\/tbody>\n<\/table>\n<p>[\/vc_column_text][vc_empty_space height=&#8221;15&#8243;][\/vc_column_inner][vc_column_inner width=&#8221;1\/2&#8243;][vc_column_text]<\/p>\n<table width=\"442\">\n<tbody>\n<tr>\n<td><strong>32 AF <span class=\"VIiyi\" lang=\"hu\"><span class=\"JLqJ4b ChMk0b\" data-language-for-alternatives=\"hu\" data-language-to-translate-into=\"ro\" data-phrase-index=\"0\">inform\u00e1ci\u00f3k<\/span><\/span><br \/>\n<\/strong><\/td>\n<td><\/td>\n<\/tr>\n<tr>\n<td style=\"text-align: left;\">K\u00fcls\u0151 m\u00e9retek (mm):<\/td>\n<td style=\"text-align: left;\">420x753x493h<\/td>\n<\/tr>\n<tr>\n<td style=\"text-align: left;\">Bels\u0151 m\u00e9retek (mm):<\/td>\n<td style=\"text-align: left;\">268x372x322h<\/td>\n<\/tr>\n<tr>\n<td style=\"text-align: left;\">\u0170rtartalom:<\/td>\n<td style=\"text-align: left;\">32 l<\/td>\n<\/tr>\n<tr>\n<td style=\"text-align: left;\">S\u00faly:<\/td>\n<td style=\"text-align: left;\">30 kg<\/td>\n<\/tr>\n<\/tbody>\n<\/table>\n<p>[\/vc_column_text][vc_empty_space height=&#8221;15&#8243;][\/vc_column_inner][\/vc_row_inner]<div class=\"basel-button-wrapper text-center btn-inline\"><a href=\"https:\/\/melform.hu\/wp-content\/uploads\/2021\/04\/Koala32_front_opening_portable_refrigerator_Rev1_GB.pdf\" title=\"Product sheet\" target=\"_blank\" class=\"btn btn-color-primary btn-style-bordered btn-size-large\">Adatlap 32AF<\/a><\/div>[\/vc_tta_section][\/vc_tta_tabs][\/vc_column][\/vc_row]<\/p>\n<\/div>","protected":false},"excerpt":{"rendered":"<p>[vc_row][vc_column][vc_column_text]A h\u0171t\u00f6tt \u00e9s fagyasztott term\u00e9kek ellen\u0151rz\u00f6tt h\u0151m\u00e9rs\u00e9kleten t\u00f6rt\u00e9n\u0151 sz\u00e1ll\u00edt\u00e1s\u00e1ra alkalmas fagyaszt\u00f3l\u00e1da. V\u00e1ltozatok: o AF: h\u0151m\u00e9rs\u00e9klet be\u00e1ll\u00edt\u00e1si tartom\u00e1ny: -30\u00b0C&#8230; +10\u00b0C; o<\/p>\n","protected":false},"featured_media":3768,"template":"","meta":[],"product_cat":[101,66],"product_tag":[],"class_list":{"0":"post-3764","1":"product","2":"type-product","3":"status-publish","4":"has-post-thumbnail","6":"product_cat-fagyasztott-kontenerek-gyogyszeripari-logisztikahoz-koala-line","7":"product_cat-refrigerated-containers-for-pharma-logistics-koala-line","9":"first","10":"instock","11":"taxable","12":"shipping-taxable","13":"product-type-simple"},"_links":{"self":[{"href":"https:\/\/melform.hu\/hu\/wp-json\/wp\/v2\/product\/3764","targetHints":{"allow":["GET"]}}],"collection":[{"href":"https:\/\/melform.hu\/hu\/wp-json\/wp\/v2\/product"}],"about":[{"href":"https:\/\/melform.hu\/hu\/wp-json\/wp\/v2\/types\/product"}],"wp:featuredmedia":[{"embeddable":true,"href":"https:\/\/melform.hu\/hu\/wp-json\/wp\/v2\/media\/3768"}],"wp:attachment":[{"href":"https:\/\/melform.hu\/hu\/wp-json\/wp\/v2\/media?parent=3764"}],"wp:term":[{"taxonomy":"product_cat","embeddable":true,"href":"https:\/\/melform.hu\/hu\/wp-json\/wp\/v2\/product_cat?post=3764"},{"taxonomy":"product_tag","embeddable":true,"href":"https:\/\/melform.hu\/hu\/wp-json\/wp\/v2\/product_tag?post=3764"}],"curies":[{"name":"wp","href":"https:\/\/api.w.org\/{rel}","templated":true}]}}